{"id":14156,"date":"2023-10-03T18:25:10","date_gmt":"2023-10-03T16:25:10","guid":{"rendered":"https:\/\/victrin.com\/bedingungen-und-konditionen\/"},"modified":"2025-07-06T17:08:56","modified_gmt":"2025-07-06T15:08:56","slug":"bedingungen-und-konditionen","status":"publish","type":"page","link":"https:\/\/victrin.com\/de\/bedingungen-und-konditionen\/","title":{"rendered":"Bedingungen und Konditionen"},"content":{"rendered":"\t\t<div data-elementor-type=\"wp-page\" data-elementor-id=\"14156\" class=\"elementor elementor-14156 elementor-10460\" data-elementor-post-type=\"page\">\n\t\t\t\t<div class=\"elementor-element elementor-element-34df69a5 e-flex e-con-boxed e-con e-parent\" data-id=\"34df69a5\" data-element_type=\"container\" data-e-type=\"container\">\n\t\t\t\t\t<div class=\"e-con-inner\">\n\t\t\t\t<div class=\"elementor-element elementor-element-b2ab796 elementor-widget elementor-widget-heading\" data-id=\"b2ab796\" data-element_type=\"widget\" data-e-type=\"widget\" data-widget_type=\"heading.default\">\n\t\t\t\t<div class=\"elementor-widget-container\">\n\t\t\t\t\t<h1 class=\"elementor-heading-title elementor-size-default\">Stra\u00dfenbahnen und Bedingungen<\/h1>\t\t\t\t<\/div>\n\t\t\t\t<\/div>\n\t\t\t\t<div class=\"elementor-element elementor-element-48dbfb2d elementor-widget elementor-widget-text-editor\" data-id=\"48dbfb2d\" data-element_type=\"widget\" data-e-type=\"widget\" data-widget_type=\"text-editor.default\">\n\t\t\t\t<div class=\"elementor-widget-container\">\n\t\t\t\t\t\t\t\t\t\n<h6><strong>Allgemeine Gesch\u00e4ftsbedingungen &#8211; Celen-Henderickx Group (BV) &#8211; VICTRIN<\/strong><\/h6>\n\n<h6><strong>1 Umfang<\/strong><\/h6>\n\n<p>1.1 Diese allgemeinen Gesch\u00e4ftsbedingungen gelten f\u00fcr alle Vertr\u00e4ge, die zwischen der Celen-Henderickx Group (BV) mit dem Markennamen VICTRIN und ihren Kunden \u00fcber den Verkauf von Kleidung und verwandten Produkten \u00fcber die Website<a href=\"https:\/\/victrin.com\/de\/\"> www.victrin.com geschlossen werden.<\/a><\/p>\n\n<h6><strong>2 Identifizierung des Unternehmens<\/strong><\/h6>\n\n<p>2.1 Celen-Henderickx Gruppe (BV)<\/p>\n\n<p>2.2 Adresse: Lange Nieuwstraat 1\/H, 2260 Westerlo<\/p>\n\n<p>2.3 Telefonnummer: +32 498 480 045<\/p>\n\n<p>2.4 Umsatzsteuer-Identifikationsnummer: BE 0753.851.138<\/p>\n\n<p>2.5 E-Mail Adresse: info@victrin.be<\/p>\n\n<p>2.6 Website:<a href=\"https:\/\/victrin.com\/de\/\"> www.victrin.com<\/a><\/p>\n\n<h6><strong>3 Bestellungen<\/strong><\/h6>\n\n<p>3.1 Mit der Aufgabe einer Bestellung auf der Website<a href=\"https:\/\/victrin.com\/de\/\"> www.victrin.com<\/a> erkl\u00e4rt sich der Kunde mit diesen allgemeinen Gesch\u00e4ftsbedingungen einverstanden.<\/p>\n\n<p>3.2 Die Celen-Henderickx Group (BV) beh\u00e4lt sich das Recht vor, Bestellungen aus beliebigen Gr\u00fcnden abzulehnen oder zu stornieren.<\/p>\n\n<h6><strong>4 Preise und Bezahlung<\/strong><\/h6>\n\n<p>4.1 Alle Preise auf der Website sind in Euro (EUR) angegeben und enthalten die Mehrwertsteuer, sofern nicht anders angegeben.<\/p>\n\n<p>4.2 <strong>Zahlungsarten:<\/strong><\/p>\n\n<p>4.2.1 Die Celen-Henderickx Group (BV) bietet verschiedene Zahlungsm\u00f6glichkeiten an, um den Kunden zu entlasten. Die verf\u00fcgbaren Zahlungsmethoden k\u00f6nnen w\u00e4hrend des Bestellvorgangs auf der Website \u00fcberpr\u00fcft werden. <\/p>\n\n<p>4.2.2 Die Zahlung kann mit den folgenden Zahlungsmethoden erfolgen:<\/p>\n\n<p>a. <strong>Kreditkarte:<\/strong> Wir akzeptieren Visa, MasterCard, American Express und andere wichtige Kreditkarten. Zahlungen mit Kreditkarte werden \u00fcber ein sicheres Zahlungsportal abgewickelt. <\/p>\n\n<p>b. <strong>iDEAL (f\u00fcr die Niederlande):<\/strong> Kunden in den Niederlanden k\u00f6nnen iDEAL f\u00fcr schnelle und sichere Zahlungen verwenden.<\/p>\n\n<p>c. <strong>PayPal:<\/strong> Kunden mit einem PayPal-Konto k\u00f6nnen mit ihrem PayPal-Guthaben oder damit verbundenen Zahlungsmethoden bezahlen.<\/p>\n\n<p>d. <strong>Bancontact (f\u00fcr Belgien):<\/strong> Belgische Kunden k\u00f6nnen Bancontact f\u00fcr eine reibungslose Transaktion nutzen.<\/p>\n\n<p>4.2.3 Die Celen-Henderickx Group (BV) beh\u00e4lt sich das Recht vor, neue Zahlungsarten hinzuzuf\u00fcgen oder zu entfernen.<\/p>\n\n<p>4.3 <strong>Zahlung und Sicherheit:<\/strong><\/p>\n\n<p>4.3.1 Zahlungen werden \u00fcber sichere Zahlungsgateways abgewickelt, um die Vertraulichkeit und Integrit\u00e4t der Finanzdaten zu gew\u00e4hrleisten.<\/p>\n\n<p>4.3.2 Der Kunde ist f\u00fcr die Angabe korrekter Zahlungsinformationen verantwortlich und erkl\u00e4rt sich mit der Abwicklung von Zahlungen f\u00fcr die bestellten Produkte einverstanden.<\/p>\n\n<p>4.4 <strong>Rechnungsstellung und Auftragsbest\u00e4tigung:<\/strong><\/p>\n\n<p>4.4.1 Nach Abschluss einer Bestellung erh\u00e4lt der Kunde eine elektronische Auftragsbest\u00e4tigung per E-Mail, die die Einzelheiten der Bestellung und die Gesamtkosten enth\u00e4lt.<\/p>\n\n<p>4.4.2 Eine detaillierte Rechnung liegt der Lieferung der bestellten Produkte bei.<\/p>\n\n<p>4.5 <strong>Streitigkeiten und Betrug:<\/strong><\/p>\n\n<p>4.5.1 Bei Streitigkeiten im Zusammenhang mit Zahlungen sollte sich der Kunde unverz\u00fcglich an den Kundendienst wenden.<\/p>\n\n<p>4.5.2 Die Celen-Henderickx Group (BV) beh\u00e4lt sich das Recht vor, Bestellungen zu stornieren oder Zahlungen abzulehnen, wenn der Verdacht auf Betrug oder nicht autorisierte Nutzung von Zahlungsmethoden besteht.<\/p>\n\n<h6><strong>5 Vertragsabschluss und Lieferung der Artikel<\/strong><\/h6>\n\n<p>5.1 <strong>Bestellung und Annahme:<\/strong><\/p>\n\n<p>5.1.1 Wenn der Kunde eine Bestellung auf der Website<a href=\"https:\/\/victrin.com\/de\/\"> www.victrin.com aufgibt,<\/a> gilt dies als Angebot zum Abschluss eines Vertrags.<\/p>\n\n<p>5.1.2 Ein Vertrag zwischen dem Kunden und der Celen-Henderickx Group (BV) kommt erst zustande, wenn die Celen-Henderickx Group (BV) die Bestellung des Kunden annimmt. Die Annahme wird durch eine elektronische Auftragsbest\u00e4tigung per E-Mail best\u00e4tigt. <\/p>\n\n<p>5.2 <strong>Lieferung:<\/strong><\/p>\n\n<p>5.2.1 Die Celen-Henderickx Group (BV) bem\u00fcht sich, die bestellten Artikel innerhalb eines angemessenen Zeitrahmens zu liefern. Die voraussichtlichen Lieferzeiten werden auf der Website angegeben und sind Richtwerte, sofern nicht schriftlich etwas anderes vereinbart wurde. <\/p>\n\n<p>5.2.2 Die Lieferung erfolgt an die vom Kunden w\u00e4hrend des Bestellvorgangs angegebene Adresse. Es liegt in der Verantwortung des Kunden, sicherzustellen, dass die angegebene Adresse korrekt ist. <\/p>\n\n<p>5.2.3 Bei der Lieferung wird der Kunde gebeten, die erhaltenen Artikel auf eventuelle M\u00e4ngel oder Sch\u00e4den zu \u00fcberpr\u00fcfen. Eventuelle Beanstandungen an den erhaltenen Artikeln m\u00fcssen der Celen-Henderickx Group (BV) unverz\u00fcglich schriftlich mitgeteilt werden. <\/p>\n\n<p>5.3 <strong>H\u00f6here Gewalt:<\/strong><\/p>\n\n<p>5.3.1 Die Celen-Henderickx Group (BV) haftet nicht f\u00fcr Lieferverz\u00f6gerungen aufgrund von h\u00f6herer Gewalt, wie Streiks, Naturkatastrophen, politischen Konflikten und anderen unvorhersehbaren Umst\u00e4nden.<\/p>\n\n<p>5.4 <strong>Stornierung und \u00c4nderung:<\/strong><\/p>\n\n<p>5.4.1 Der Kunde hat das Recht, eine Bestellung zu stornieren oder \u00c4nderungen an der Bestellung vorzunehmen, bevor diese versandt wird, sofern dies innerhalb eines angemessenen Zeitraums geschieht und der Celen-Henderickx Group (BV) schriftlich mitgeteilt wird.<\/p>\n\n<p>5.4.2 Nach dem Versand der Bestellung sind Stornierungen und \u00c4nderungen nicht mehr m\u00f6glich, es sei denn, es wurde schriftlich etwas anderes vereinbart.<\/p>\n\n<h6><strong>6 R\u00fcckgabe von Artikeln<\/strong><\/h6>\n\n<p>6.1 <strong>R\u00fcckgaberecht:<\/strong><\/p>\n\n<p>6.1.1 Celen-Henderickx Group (BV) versteht, dass Kunden mit ihren Eink\u00e4ufen zufrieden sein m\u00fcssen. Daher bieten wir ein R\u00fcckgaberecht an, das es den Kunden erm\u00f6glicht, Artikel zur\u00fcckzusenden, wenn sie nicht ihren Erwartungen entsprechen. <\/p>\n\n<p>6.1.2 Kunden haben das Recht, Artikel innerhalb von 14 Tagen nach Erhalt der Bestellung ohne Angabe von Gr\u00fcnden zur\u00fcckzugeben. Dieses Recht gilt nicht f\u00fcr personalisierte oder ma\u00dfgefertigte Produkte, es sei denn, sie sind defekt oder wurden falsch geliefert. <\/p>\n\n<p>6.2 <strong>R\u00fcckgabeverfahren:<\/strong><\/p>\n\n<p>6.2.1 Kunden, die einen Artikel zur\u00fcckgeben m\u00f6chten, sollten unseren Kundenservice \u00fcber die angegebene E-Mail-Adresse info@victrin.be oder die Telefonnummer +32 498 480 045 kontaktieren, um die R\u00fcckgabe zu beantragen.<\/p>\n\n<p>6.2.2 Nach Erhalt des R\u00fcckgabeantrags wird die Celen-Henderickx Group (BV) dem Kunden weitere Anweisungen f\u00fcr die R\u00fccksendung erteilen.<\/p>\n\n<p>6.2.3 Der Kunde tr\u00e4gt die Kosten und Risiken, die mit der R\u00fccksendung der Artikel verbunden sind, es sei denn, es wurde schriftlich etwas anderes vereinbart.<\/p>\n\n<p>6.3 <strong>Zustand der zur\u00fcckgegebenen Artikel:<\/strong><\/p>\n\n<p>6.3.1 Zur\u00fcckgegebene Artikel m\u00fcssen sich in unbenutztem Zustand befinden und alle Originaletiketten, Verpackungen und Zubeh\u00f6rteile enthalten.<\/p>\n\n<p>6.3.2 Die Celen-Henderickx Group (BV) beh\u00e4lt sich das Recht vor, zur\u00fcckgesandte Artikel abzulehnen, die die oben genannten Bedingungen nicht erf\u00fcllen.<\/p>\n\n<p>6.4 <strong>Erstattung:<\/strong><\/p>\n\n<p>6.4.1 Nach Erhalt und Pr\u00fcfung der zur\u00fcckgesandten Artikel wird die Celen-Henderickx Group (BV) die Erstattung \u00fcber die urspr\u00fcngliche Zahlungsmethode des Kunden abwickeln.<\/p>\n\n<p>6.4.2 Bitte beachten Sie, dass die Erstattung je nach Bearbeitungszeit der Bank oder des Zahlungsanbieters einige Zeit dauern kann.<\/p>\n\n<h6><strong>7 Garantie und Reklamationen<\/strong><\/h6>\n\n<p>7.1 <strong>Produktgarantie:<\/strong><\/p>\n\n<p>7.1.1 Die Celen-Henderickx Group (BV) garantiert die Qualit\u00e4t und Haltbarkeit der gelieferten Produkte. Weist ein Produkt M\u00e4ngel auf, die auf Fabrikations- oder Materialfehler zur\u00fcckzuf\u00fchren sind, gew\u00e4hren wir die gesetzlich vorgeschriebene Garantiezeit. <\/p>\n\n<p>7.1.2 Die Garantiezeit kann je nach Art des Produkts variieren und ist in der Produktbeschreibung auf der Website angegeben.<\/p>\n\n<p>7.2 <strong>Beschwerdeverfahren:<\/strong><\/p>\n\n<p>7.2.1 Kunden, die eine Beschwerde \u00fcber ein Produkt haben, das sie erhalten haben, werden gebeten, unseren Kundenservice \u00fcber die angegebene E-Mail-Adresse info@victrin.be oder die Telefonnummer +32 498 480 045 zu kontaktieren.<\/p>\n\n<p>7.2.2 Reklamationen sollten so schnell wie m\u00f6glich und in jedem Fall innerhalb einer angemessenen Frist nach Entdeckung des Mangels gemeldet werden.<\/p>\n\n<p>7.2.3 Bei der Einreichung einer Reklamation wird vom Kunden erwartet, dass er eine detaillierte Beschreibung des Mangels und, wenn m\u00f6glich, Fotos oder andere Beweise vorlegt.<\/p>\n\n<p>7.3 <strong>Bewertung von Beschwerden:<\/strong><\/p>\n\n<p>7.3.1 Die Celen-Henderickx Group (BV) geht Beschwerden sorgf\u00e4ltig nach und ist bestrebt, innerhalb einer angemessenen Frist auf Beschwerden zu reagieren.<\/p>\n\n<p>7.3.2 Wenn die Reklamation berechtigt ist, bietet die Celen-Henderickx Group (BV) dem Kunden je nach Art des Mangels und der Verf\u00fcgbarkeit von Ersatzprodukten angemessene L\u00f6sungen an, wie z.B. Reparatur, Ersatz oder Erstattung.<\/p>\n\n<p>7.4 <strong>Ausschl\u00fcsse von der Garantie:<\/strong><\/p>\n\n<p>7.4.1 Die Garantie deckt keine Sch\u00e4den ab, die auf normalen Verschlei\u00df, unsachgem\u00e4\u00dfen Gebrauch oder unsachgem\u00e4\u00dfe Pflege der Produkte zur\u00fcckzuf\u00fchren sind.<\/p>\n\n<p>7.4.2 Die Garantie deckt keine Sch\u00e4den ab, die durch \u00e4u\u00dfere Faktoren wie Unf\u00e4lle, Fahrl\u00e4ssigkeit, Ver\u00e4nderungen am Produkt oder unsachgem\u00e4\u00dfe Lagerung verursacht wurden.<\/p>\n\n<p>7.5 <strong>R\u00fcckgabe von mangelhaften Produkten:<\/strong><\/p>\n\n<p>7.5.1 Wenn Celen-Henderickx Group (BV) die R\u00fccksendung eines mangelhaften Produkts verlangt, wird diese von Celen-Henderickx Group (BV) veranlasst und erstattet.<\/p>\n\n<p>7.5.2 Kunden werden gebeten, die Anweisungen zur sicheren Verpackung des defekten Produkts zu befolgen.<\/p>\n\n<h6><strong>8 Privatsph\u00e4re und Datenschutz<\/strong><\/h6>\n\n<p>8.1 <strong>Erhebung und Verwendung von pers\u00f6nlichen Daten:<\/strong><\/p>\n\n<p>8.1.1 Die Celen-Henderickx Group (BV) respektiert die Privatsph\u00e4re ihrer Kunden und setzt sich f\u00fcr den Schutz personenbezogener Daten ein. Personenbezogene Daten werden in \u00dcbereinstimmung mit unserer Datenschutzrichtlinie, die auf unserer Website verf\u00fcgbar ist, erhoben und verarbeitet. <\/p>\n\n<p>8.1.2 Personenbezogene Daten werden f\u00fcr Zwecke wie Auftragsabwicklung, Produktlieferung, Kundenservice und Marketingkommunikation erhoben, sofern der Kunde seine ausdr\u00fcckliche Zustimmung zu diesen Zwecken erteilt hat.<\/p>\n\n<p>8.2 <strong>Datensicherheit:<\/strong><\/p>\n\n<p>8.2.1 Die Celen-Henderickx Group (BV) trifft technische und organisatorische Ma\u00dfnahmen, um personenbezogene Daten vor unbefugtem Zugriff, Verlust oder Diebstahl zu sch\u00fctzen.<\/p>\n\n<ul>\n<li>8.2.2 Kunden werden aufgefordert, sichere Passw\u00f6rter zu verwenden und ihre Anmeldedaten vertraulich zu behandeln, um die Sicherheit ihres Kontos zu gew\u00e4hrleisten.<\/li>\n<\/ul>\n\n<h6><strong>9 Geistiges Eigentum<\/strong><\/h6>\n\n<p>9.1 <strong>Eigentum an den Inhalten:<\/strong><\/p>\n\n<p>9.1.1 Der gesamte Inhalt der Website<a href=\"https:\/\/victrin.com\/de\/\"> www.victrin.com,<\/a> einschlie\u00dflich, aber nicht beschr\u00e4nkt auf Texte, Bilder, Logos und grafische Elemente, ist Eigentum der Celen-Henderickx Group (BV) oder ihrer Lizenzgeber.<\/p>\n\n<ul>\n<li>9.1.2 Es ist nicht gestattet, den Inhalt, die Bilder oder die Logos der Website ohne die ausdr\u00fcckliche schriftliche Zustimmung der Celen-Henderickx Group (BV) f\u00fcr kommerzielle Zwecke zu vervielf\u00e4ltigen, zu verbreiten oder zu nutzen.<\/li>\n<\/ul>\n\n<h6><strong>10 Anwendbares Recht und Streitbeilegung<\/strong><\/h6>\n\n<p>10.1 <strong>Anwendbares Recht:<\/strong><\/p>\n\n<p>10.1.1 Auf diese Allgemeinen Gesch\u00e4ftsbedingungen ist belgisches Recht anwendbar.<\/p>\n\n<p>10.2 <strong>Beilegung von Streitigkeiten:<\/strong><\/p>\n\n<p>10.2.1 Im Falle von Streitigkeiten zwischen dem Kunden und der Celen-Henderickx Group (BV) bem\u00fchen wir uns um eine g\u00fctliche und faire Beilegung von Streitigkeiten.<\/p>\n\n<ul>\n<li>10.2.2 Wenn ein Streitfall nicht g\u00fctlich beigelegt werden kann, wird er den zust\u00e4ndigen Gerichten des Gerichtsbezirks Antwerpen vorgelegt.<\/li>\n<\/ul>\n\n<p><strong>\u00c4nderungen der Allgemeinen Gesch\u00e4ftsbedingungen<\/strong><\/p>\n\n<ul>\n<li>11.1 Die Celen-Henderickx Group (BV) beh\u00e4lt sich das Recht vor, diese Allgemeinen Gesch\u00e4ftsbedingungen jederzeit zu \u00e4ndern. Die Kunden werden \u00fcber diese \u00c4nderungen auf der Website informiert. <\/li>\n<\/ul>\n\n<h6><strong>12 Rabatt-Codes und Geschenk-Gutscheine<\/strong><\/h6>\n\n<p>12.1 Rabattcodes k\u00f6nnen von der Celen-Henderickx Group (BV) ausgegeben werden und k\u00f6nnen verwendet werden, um Rabatte auf Eink\u00e4ufe \u00fcber die Website<a href=\"https:\/\/victrin.com\/de\/\"> www.victrin.com zu erhalten.<\/a> Die Rabattcodes unterliegen bestimmten Bedingungen, die bei der Ausgabe angegeben werden. <\/p>\n\n<p>12.2 Geschenkgutscheine k\u00f6nnen auf der Website<a href=\"https:\/\/victrin.com\/de\/\"> www.victrin.com<\/a> erworben werden und werden elektronisch bereitgestellt. Geschenkgutscheine sind f\u00fcr den Kauf von Produkten auf der Website g\u00fcltig und haben ein Verfallsdatum. <\/p>\n\n<p>12.3 Rabattcodes und Geschenkgutscheine sind nicht gegen Bargeld einl\u00f6sbar und k\u00f6nnen nicht weiterverkauft werden.<\/p>\n\n<p>12.4 Wenn Sie ein Produkt zur\u00fcckgeben, das mit einem Rabattcode oder Geschenkgutschein gekauft wurde, wird der Wert des Rabattcodes oder des Geschenkgutscheins nicht zur\u00fcckerstattet, sondern f\u00fcr k\u00fcnftige Eink\u00e4ufe wieder gutgeschrieben.<\/p>\n\n<p>12.5 Der Verlust oder Diebstahl von Geschenkgutscheinen liegt in der Verantwortung des Kunden, und die Celen-Henderickx Group (BV) haftet nicht f\u00fcr den Verlust oder Diebstahl von Geschenkgutscheinen.<\/p>\n\n<p>12.6 Jede missbr\u00e4uchliche oder betr\u00fcgerische Verwendung von Rabattcodes und Geschenkgutscheinen kann zur Annullierung des jeweiligen Rabattcodes oder Geschenkgutscheins f\u00fchren und andere geeignete Ma\u00dfnahmen nach sich ziehen.<\/p>\n\t\t\t\t\t\t\t\t<\/div>\n\t\t\t\t<\/div>\n\t\t\t\t\t<\/div>\n\t\t\t\t<\/div>\n\t\t\t\t<\/div>\n\t\t","protected":false},"excerpt":{"rendered":"<p>Stra\u00dfenbahnen und Bedingungen Allgemeine Gesch\u00e4ftsbedingungen &#8211; Celen-Henderickx Group (BV) &#8211; VICTRIN 1 Umfang 1.1 Diese allgemeinen Gesch\u00e4ftsbedingungen gelten f\u00fcr alle Vertr\u00e4ge, die zwischen der Celen-Henderickx Group (BV) mit dem Markennamen VICTRIN und ihren Kunden \u00fcber den Verkauf von Kleidung und verwandten Produkten \u00fcber die Website www.victrin.com geschlossen werden. 2 Identifizierung des Unternehmens 2.1 Celen-Henderickx Gruppe [&hellip;]<\/p>\n","protected":false},"author":1,"featured_media":0,"parent":0,"menu_order":0,"comment_status":"closed","ping_status":"closed","template":"elementor_header_footer","meta":{"footnotes":""},"class_list":["post-14156","page","type-page","status-publish","hentry"],"_links":{"self":[{"href":"https:\/\/victrin.com\/de\/wp-json\/wp\/v2\/pages\/14156","targetHints":{"allow":["GET"]}}],"collection":[{"href":"https:\/\/victrin.com\/de\/wp-json\/wp\/v2\/pages"}],"about":[{"href":"https:\/\/victrin.com\/de\/wp-json\/wp\/v2\/types\/page"}],"author":[{"embeddable":true,"href":"https:\/\/victrin.com\/de\/wp-json\/wp\/v2\/users\/1"}],"replies":[{"embeddable":true,"href":"https:\/\/victrin.com\/de\/wp-json\/wp\/v2\/comments?post=14156"}],"version-history":[{"count":3,"href":"https:\/\/victrin.com\/de\/wp-json\/wp\/v2\/pages\/14156\/revisions"}],"predecessor-version":[{"id":14161,"href":"https:\/\/victrin.com\/de\/wp-json\/wp\/v2\/pages\/14156\/revisions\/14161"}],"wp:attachment":[{"href":"https:\/\/victrin.com\/de\/wp-json\/wp\/v2\/media?parent=14156"}],"curies":[{"name":"wp","href":"https:\/\/api.w.org\/{rel}","templated":true}]}}