{"id":14307,"date":"2025-03-01T19:56:44","date_gmt":"2025-03-01T18:56:44","guid":{"rendered":"https:\/\/victrin.com\/faq\/"},"modified":"2025-07-06T17:12:51","modified_gmt":"2025-07-06T15:12:51","slug":"faq","status":"publish","type":"page","link":"https:\/\/victrin.com\/de\/faq\/","title":{"rendered":"FAQ"},"content":{"rendered":"\t\t<div data-elementor-type=\"wp-page\" data-elementor-id=\"14307\" class=\"elementor elementor-14307 elementor-11934\" data-elementor-post-type=\"page\">\n\t\t\t\t<div class=\"elementor-element elementor-element-c50d0ef e-flex e-con-boxed e-con e-parent\" data-id=\"c50d0ef\" data-element_type=\"container\" data-e-type=\"container\" data-settings=\"{&quot;background_background&quot;:&quot;classic&quot;}\">\n\t\t\t\t\t<div class=\"e-con-inner\">\n\t\t<div class=\"elementor-element elementor-element-2df5f8d e-con-full e-flex e-con e-child\" data-id=\"2df5f8d\" data-element_type=\"container\" data-e-type=\"container\">\n\t\t\t\t<div class=\"elementor-element elementor-element-0eaed3c elementor-widget elementor-widget-heading\" data-id=\"0eaed3c\" data-element_type=\"widget\" data-e-type=\"widget\" data-widget_type=\"heading.default\">\n\t\t\t\t<div class=\"elementor-widget-container\">\n\t\t\t\t\t<h2 class=\"elementor-heading-title elementor-size-default\">H\u00e4ufig gestellte Fragen<\/h2>\t\t\t\t<\/div>\n\t\t\t\t<\/div>\n\t\t\t\t<div class=\"elementor-element elementor-element-463d68c elementor-widget elementor-widget-heading\" data-id=\"463d68c\" data-element_type=\"widget\" data-e-type=\"widget\" data-widget_type=\"heading.default\">\n\t\t\t\t<div class=\"elementor-widget-container\">\n\t\t\t\t\t<h4 class=\"elementor-heading-title elementor-size-default\">Antworten auf Ihre h\u00e4ufigsten Fragen zum Einkauf bei Victrin\n\n\n\n\n\n\n<\/h4>\t\t\t\t<\/div>\n\t\t\t\t<\/div>\n\t\t\t\t<\/div>\n\t\t\t\t<div class=\"elementor-element elementor-element-5cb5662 elementor-widget__width-initial elementor-widget-mobile__width-inherit elementor-widget elementor-widget-jet-accordion\" data-id=\"5cb5662\" data-element_type=\"widget\" data-e-type=\"widget\" data-widget_type=\"jet-accordion.default\">\n\t\t\t\t<div class=\"elementor-widget-container\">\n\t\t\t\t\t\t\t<div class=\"jet-accordion\" data-settings=\"{&quot;collapsible&quot;:true,&quot;ajaxTemplate&quot;:false,&quot;switchScrolling&quot;:false,&quot;switchScrollingOffset&quot;:0,&quot;switchScrollingDelay&quot;:500}\">\n\t\t\t<div class=\"jet-accordion__inner\">\n\t\t\t\t<div class=\" jet-accordion__item jet-toggle jet-toggle-move-up-effect \">\n\t\t\t\t\t\t\t<div id=\"jet-toggle-control-9721\" class=\"jet-toggle__control elementor-menu-anchor\" data-toggle=\"1\" role=\"button\" tabindex=\"0\" aria-controls=\"jet-toggle-content-9721\" aria-expanded=\"false\" data-template-id=\"false\">\n\t\t\t\t\t\t\t\t<div class=\"jet-toggle__label-icon jet-toggle-icon-position-right\"><span class=\"jet-toggle__icon icon-normal jet-tabs-icon\"><svg xmlns=\"http:\/\/www.w3.org\/2000\/svg\" id=\"Layer_2\" height=\"512\" viewBox=\"0 0 32 32\" width=\"512\" data-name=\"Layer 2\"><path d=\"m30.35 8.65a.48.48 0 0 0 -.7 0l-13.65 13.64-13.65-13.64a.49.49 0 0 0 -.7.7l14 14a.48.48 0 0 0 .7 0l14-14a.48.48 0 0 0 0-.7z\"><\/path><\/svg><\/span><span class=\"jet-toggle__icon icon-active jet-tabs-icon\"><svg xmlns=\"http:\/\/www.w3.org\/2000\/svg\" id=\"Layer_1\" height=\"512\" viewBox=\"0 0 512 512\" width=\"512\"><path d=\"m469.3 374.3c-3 0-6-1.1-8.2-3.4l-205.1-205.1-205.1 205.1c-4.6 4.6-11.9 4.6-16.5 0s-4.6-11.9 0-16.5l213.3-213.3c4.6-4.6 11.9-4.6 16.5 0l213.3 213.3c4.6 4.6 4.6 11.9 0 16.5-2.2 2.3-5.2 3.4-8.2 3.4z\"><\/path><\/svg><\/span><\/div><div class=\"jet-toggle__label-text\">Welche Art von Produkten bietet Victrin an?<\/div>\t\t\t\t\t\t\t<\/div>\n\t\t\t\t\t\t\t<div id=\"jet-toggle-content-9721\" class=\"jet-toggle__content\" data-toggle=\"1\" role=\"region\" data-template-id=\"false\">\n\t\t\t\t\t\t\t\t<div class=\"jet-toggle__content-inner\"><p>Victrin ist auf Damen- und Herrenmode spezialisiert, darunter stilvolle Kleider, trendige Bekleidung und Accessoires wie Handtaschen, Schmuck und Schuhe. Unsere Kollektion ist sorgf\u00e4ltig zusammengestellt, um moderne Trends mit zeitloser Eleganz zu verbinden. <\/p>\n<\/div>\n\t\t\t\t\t\t\t<\/div>\n\t\t\t\t\t\t<\/div><div class=\" jet-accordion__item jet-toggle jet-toggle-move-up-effect \">\n\t\t\t\t\t\t\t<div id=\"jet-toggle-control-9722\" class=\"jet-toggle__control elementor-menu-anchor\" data-toggle=\"2\" role=\"button\" tabindex=\"0\" aria-controls=\"jet-toggle-content-9722\" aria-expanded=\"false\" data-template-id=\"false\">\n\t\t\t\t\t\t\t\t<div class=\"jet-toggle__label-icon jet-toggle-icon-position-right\"><span class=\"jet-toggle__icon icon-normal jet-tabs-icon\"><svg xmlns=\"http:\/\/www.w3.org\/2000\/svg\" id=\"Layer_2\" height=\"512\" viewBox=\"0 0 32 32\" width=\"512\" data-name=\"Layer 2\"><path d=\"m30.35 8.65a.48.48 0 0 0 -.7 0l-13.65 13.64-13.65-13.64a.49.49 0 0 0 -.7.7l14 14a.48.48 0 0 0 .7 0l14-14a.48.48 0 0 0 0-.7z\"><\/path><\/svg><\/span><span class=\"jet-toggle__icon icon-active jet-tabs-icon\"><svg xmlns=\"http:\/\/www.w3.org\/2000\/svg\" id=\"Layer_1\" height=\"512\" viewBox=\"0 0 512 512\" width=\"512\"><path d=\"m469.3 374.3c-3 0-6-1.1-8.2-3.4l-205.1-205.1-205.1 205.1c-4.6 4.6-11.9 4.6-16.5 0s-4.6-11.9 0-16.5l213.3-213.3c4.6-4.6 11.9-4.6 16.5 0l213.3 213.3c4.6 4.6 4.6 11.9 0 16.5-2.2 2.3-5.2 3.4-8.2 3.4z\"><\/path><\/svg><\/span><\/div><div class=\"jet-toggle__label-text\">Wie kann ich eine Bestellung f\u00fcr Victrin aufgeben?<\/div>\t\t\t\t\t\t\t<\/div>\n\t\t\t\t\t\t\t<div id=\"jet-toggle-content-9722\" class=\"jet-toggle__content\" data-toggle=\"2\" role=\"region\" data-template-id=\"false\">\n\t\t\t\t\t\t\t\t<div class=\"jet-toggle__content-inner\"><p>Eine Bestellung ist ganz einfach! St\u00f6bern Sie in unserer Kollektion, w\u00e4hlen Sie die gew\u00fcnschten Artikel aus, legen Sie sie in Ihren Warenkorb und gehen Sie zur Kasse. Folgen Sie den Zahlungsanweisungen. Sobald die Bestellung abgeschlossen ist, erhalten Sie eine Best\u00e4tigungs-E-Mail mit Ihren Bestelldaten.  <\/p>\n<\/div>\n\t\t\t\t\t\t\t<\/div>\n\t\t\t\t\t\t<\/div><div class=\" jet-accordion__item jet-toggle jet-toggle-move-up-effect \">\n\t\t\t\t\t\t\t<div id=\"jet-toggle-control-9723\" class=\"jet-toggle__control elementor-menu-anchor\" data-toggle=\"3\" role=\"button\" tabindex=\"0\" aria-controls=\"jet-toggle-content-9723\" aria-expanded=\"false\" data-template-id=\"false\">\n\t\t\t\t\t\t\t\t<div class=\"jet-toggle__label-icon jet-toggle-icon-position-right\"><span class=\"jet-toggle__icon icon-normal jet-tabs-icon\"><svg xmlns=\"http:\/\/www.w3.org\/2000\/svg\" id=\"Layer_2\" height=\"512\" viewBox=\"0 0 32 32\" width=\"512\" data-name=\"Layer 2\"><path d=\"m30.35 8.65a.48.48 0 0 0 -.7 0l-13.65 13.64-13.65-13.64a.49.49 0 0 0 -.7.7l14 14a.48.48 0 0 0 .7 0l14-14a.48.48 0 0 0 0-.7z\"><\/path><\/svg><\/span><span class=\"jet-toggle__icon icon-active jet-tabs-icon\"><svg xmlns=\"http:\/\/www.w3.org\/2000\/svg\" id=\"Layer_1\" height=\"512\" viewBox=\"0 0 512 512\" width=\"512\"><path d=\"m469.3 374.3c-3 0-6-1.1-8.2-3.4l-205.1-205.1-205.1 205.1c-4.6 4.6-11.9 4.6-16.5 0s-4.6-11.9 0-16.5l213.3-213.3c4.6-4.6 11.9-4.6 16.5 0l213.3 213.3c4.6 4.6 4.6 11.9 0 16.5-2.2 2.3-5.2 3.4-8.2 3.4z\"><\/path><\/svg><\/span><\/div><div class=\"jet-toggle__label-text\">Welche Zahlungsmethoden werden von Victrin akzeptiert?<\/div>\t\t\t\t\t\t\t<\/div>\n\t\t\t\t\t\t\t<div id=\"jet-toggle-content-9723\" class=\"jet-toggle__content\" data-toggle=\"3\" role=\"region\" data-template-id=\"false\">\n\t\t\t\t\t\t\t\t<div class=\"jet-toggle__content-inner\"><p>Wir akzeptieren eine Vielzahl von Zahlungsarten, darunter Kredit-\/Debitkarten, PayPal und andere sichere Online-Zahlungsoptionen. Alle Transaktionen werden verschl\u00fcsselt, um ein sicheres und reibungsloses Einkaufserlebnis zu gew\u00e4hrleisten. <\/p>\n<\/div>\n\t\t\t\t\t\t\t<\/div>\n\t\t\t\t\t\t<\/div><div class=\" jet-accordion__item jet-toggle jet-toggle-move-up-effect \">\n\t\t\t\t\t\t\t<div id=\"jet-toggle-control-9724\" class=\"jet-toggle__control elementor-menu-anchor\" data-toggle=\"4\" role=\"button\" tabindex=\"0\" aria-controls=\"jet-toggle-content-9724\" aria-expanded=\"false\" data-template-id=\"false\">\n\t\t\t\t\t\t\t\t<div class=\"jet-toggle__label-icon jet-toggle-icon-position-right\"><span class=\"jet-toggle__icon icon-normal jet-tabs-icon\"><svg xmlns=\"http:\/\/www.w3.org\/2000\/svg\" id=\"Layer_2\" height=\"512\" viewBox=\"0 0 32 32\" width=\"512\" data-name=\"Layer 2\"><path d=\"m30.35 8.65a.48.48 0 0 0 -.7 0l-13.65 13.64-13.65-13.64a.49.49 0 0 0 -.7.7l14 14a.48.48 0 0 0 .7 0l14-14a.48.48 0 0 0 0-.7z\"><\/path><\/svg><\/span><span class=\"jet-toggle__icon icon-active jet-tabs-icon\"><svg xmlns=\"http:\/\/www.w3.org\/2000\/svg\" id=\"Layer_1\" height=\"512\" viewBox=\"0 0 512 512\" width=\"512\"><path d=\"m469.3 374.3c-3 0-6-1.1-8.2-3.4l-205.1-205.1-205.1 205.1c-4.6 4.6-11.9 4.6-16.5 0s-4.6-11.9 0-16.5l213.3-213.3c4.6-4.6 11.9-4.6 16.5 0l213.3 213.3c4.6 4.6 4.6 11.9 0 16.5-2.2 2.3-5.2 3.4-8.2 3.4z\"><\/path><\/svg><\/span><\/div><div class=\"jet-toggle__label-text\">Wie lange dauert der Versand?<\/div>\t\t\t\t\t\t\t<\/div>\n\t\t\t\t\t\t\t<div id=\"jet-toggle-content-9724\" class=\"jet-toggle__content\" data-toggle=\"4\" role=\"region\" data-template-id=\"false\">\n\t\t\t\t\t\t\t\t<div class=\"jet-toggle__content-inner\"><p>Die Versandzeiten variieren je nach Standort und gew\u00e4hlter Versandart. Der Standardversand dauert in der Regel 5-7 Werktage, w\u00e4hrend der Expressversand innerhalb von 2-4 Werktagen eintreffen kann. Details zur Sendungsverfolgung erhalten Sie, sobald Ihre Bestellung versandt wurde.  <\/p>\n<\/div>\n\t\t\t\t\t\t\t<\/div>\n\t\t\t\t\t\t<\/div><div class=\" jet-accordion__item jet-toggle jet-toggle-move-up-effect \">\n\t\t\t\t\t\t\t<div id=\"jet-toggle-control-9725\" class=\"jet-toggle__control elementor-menu-anchor\" data-toggle=\"5\" role=\"button\" tabindex=\"0\" aria-controls=\"jet-toggle-content-9725\" aria-expanded=\"false\" data-template-id=\"false\">\n\t\t\t\t\t\t\t\t<div class=\"jet-toggle__label-icon jet-toggle-icon-position-right\"><span class=\"jet-toggle__icon icon-normal jet-tabs-icon\"><svg xmlns=\"http:\/\/www.w3.org\/2000\/svg\" id=\"Layer_2\" height=\"512\" viewBox=\"0 0 32 32\" width=\"512\" data-name=\"Layer 2\"><path d=\"m30.35 8.65a.48.48 0 0 0 -.7 0l-13.65 13.64-13.65-13.64a.49.49 0 0 0 -.7.7l14 14a.48.48 0 0 0 .7 0l14-14a.48.48 0 0 0 0-.7z\"><\/path><\/svg><\/span><span class=\"jet-toggle__icon icon-active jet-tabs-icon\"><svg xmlns=\"http:\/\/www.w3.org\/2000\/svg\" id=\"Layer_1\" height=\"512\" viewBox=\"0 0 512 512\" width=\"512\"><path d=\"m469.3 374.3c-3 0-6-1.1-8.2-3.4l-205.1-205.1-205.1 205.1c-4.6 4.6-11.9 4.6-16.5 0s-4.6-11.9 0-16.5l213.3-213.3c4.6-4.6 11.9-4.6 16.5 0l213.3 213.3c4.6 4.6 4.6 11.9 0 16.5-2.2 2.3-5.2 3.4-8.2 3.4z\"><\/path><\/svg><\/span><\/div><div class=\"jet-toggle__label-text\">  Kann ich einen Artikel zur\u00fcckgeben oder umtauschen?<\/div>\t\t\t\t\t\t\t<\/div>\n\t\t\t\t\t\t\t<div id=\"jet-toggle-content-9725\" class=\"jet-toggle__content\" data-toggle=\"5\" role=\"region\" data-template-id=\"false\">\n\t\t\t\t\t\t\t\t<div class=\"jet-toggle__content-inner\"><p>Ja! Victrin bietet ein unkompliziertes R\u00fcckgabe- und Umtauschrecht. Wenn Sie mit Ihrem Kauf nicht zufrieden sind, k\u00f6nnen Sie ihn innerhalb von 14 Tagen zur\u00fcckgeben oder umtauschen, sofern der Artikel ungetragen, unbesch\u00e4digt und in der Originalverpackung ist.  <\/p>\n<\/div>\n\t\t\t\t\t\t\t<\/div>\n\t\t\t\t\t\t<\/div><div class=\" jet-accordion__item jet-toggle jet-toggle-move-up-effect \">\n\t\t\t\t\t\t\t<div id=\"jet-toggle-control-9726\" class=\"jet-toggle__control elementor-menu-anchor\" data-toggle=\"6\" role=\"button\" tabindex=\"0\" aria-controls=\"jet-toggle-content-9726\" aria-expanded=\"false\" data-template-id=\"false\">\n\t\t\t\t\t\t\t\t<div class=\"jet-toggle__label-icon jet-toggle-icon-position-right\"><span class=\"jet-toggle__icon icon-normal jet-tabs-icon\"><svg xmlns=\"http:\/\/www.w3.org\/2000\/svg\" id=\"Layer_2\" height=\"512\" viewBox=\"0 0 32 32\" width=\"512\" data-name=\"Layer 2\"><path d=\"m30.35 8.65a.48.48 0 0 0 -.7 0l-13.65 13.64-13.65-13.64a.49.49 0 0 0 -.7.7l14 14a.48.48 0 0 0 .7 0l14-14a.48.48 0 0 0 0-.7z\"><\/path><\/svg><\/span><span class=\"jet-toggle__icon icon-active jet-tabs-icon\"><svg xmlns=\"http:\/\/www.w3.org\/2000\/svg\" id=\"Layer_1\" height=\"512\" viewBox=\"0 0 512 512\" width=\"512\"><path d=\"m469.3 374.3c-3 0-6-1.1-8.2-3.4l-205.1-205.1-205.1 205.1c-4.6 4.6-11.9 4.6-16.5 0s-4.6-11.9 0-16.5l213.3-213.3c4.6-4.6 11.9-4.6 16.5 0l213.3 213.3c4.6 4.6 4.6 11.9 0 16.5-2.2 2.3-5.2 3.4-8.2 3.4z\"><\/path><\/svg><\/span><\/div><div class=\"jet-toggle__label-text\">Wie kann ich Victrin f\u00fcr Unterst\u00fctzung kontaktieren?<\/div>\t\t\t\t\t\t\t<\/div>\n\t\t\t\t\t\t\t<div id=\"jet-toggle-content-9726\" class=\"jet-toggle__content\" data-toggle=\"6\" role=\"region\" data-template-id=\"false\">\n\t\t\t\t\t\t\t\t<div class=\"jet-toggle__content-inner\"><p>Unser Kundenserviceteam ist immer bereit, Ihnen zu helfen. Sie k\u00f6nnen uns per E-Mail, Live-Chat oder \u00fcber unser Kontaktformular auf der Website erreichen. Wir bem\u00fchen uns, alle Anfragen innerhalb von 24 Stunden zu beantworten, um ein reibungsloses Einkaufserlebnis zu gew\u00e4hrleisten.  <\/p>\n<\/div>\n\t\t\t\t\t\t\t<\/div>\n\t\t\t\t\t\t<\/div>\t\t\t<\/div>\n\t\t<\/div>\n\t\t\t\t\t\t<\/div>\n\t\t\t\t<\/div>\n\t\t\t\t\t<\/div>\n\t\t\t\t<\/div>\n\t\t\t\t<\/div>\n\t\t","protected":false},"excerpt":{"rendered":"<p>H\u00e4ufig gestellte Fragen Antworten auf Ihre h\u00e4ufigsten Fragen zum Einkauf bei Victrin Welche Art von Produkten bietet Victrin an? Victrin ist auf Damen- und Herrenmode spezialisiert, darunter stilvolle Kleider, trendige Bekleidung und Accessoires wie Handtaschen, Schmuck und Schuhe. Unsere Kollektion ist sorgf\u00e4ltig zusammengestellt, um moderne Trends mit zeitloser Eleganz zu verbinden. Wie kann ich eine [&hellip;]<\/p>\n","protected":false},"author":39,"featured_media":0,"parent":0,"menu_order":0,"comment_status":"closed","ping_status":"closed","template":"elementor_header_footer","meta":{"footnotes":""},"class_list":["post-14307","page","type-page","status-publish","hentry"],"_links":{"self":[{"href":"https:\/\/victrin.com\/de\/wp-json\/wp\/v2\/pages\/14307","targetHints":{"allow":["GET"]}}],"collection":[{"href":"https:\/\/victrin.com\/de\/wp-json\/wp\/v2\/pages"}],"about":[{"href":"https:\/\/victrin.com\/de\/wp-json\/wp\/v2\/types\/page"}],"author":[{"embeddable":true,"href":"https:\/\/victrin.com\/de\/wp-json\/wp\/v2\/users\/39"}],"replies":[{"embeddable":true,"href":"https:\/\/victrin.com\/de\/wp-json\/wp\/v2\/comments?post=14307"}],"version-history":[{"count":1,"href":"https:\/\/victrin.com\/de\/wp-json\/wp\/v2\/pages\/14307\/revisions"}],"predecessor-version":[{"id":14311,"href":"https:\/\/victrin.com\/de\/wp-json\/wp\/v2\/pages\/14307\/revisions\/14311"}],"wp:attachment":[{"href":"https:\/\/victrin.com\/de\/wp-json\/wp\/v2\/media?parent=14307"}],"curies":[{"name":"wp","href":"https:\/\/api.w.org\/{rel}","templated":true}]}}