{"id":14383,"date":"2023-11-11T20:02:01","date_gmt":"2023-11-11T19:02:01","guid":{"rendered":"https:\/\/victrin.com\/product\/verboekt-long\/"},"modified":"2025-07-06T17:13:05","modified_gmt":"2025-07-06T15:13:05","slug":"verboekt-long","status":"publish","type":"product","link":"https:\/\/victrin.com\/de\/produkt\/verboekt-long\/","title":{"rendered":"Verboekt-Long"},"content":{"rendered":"<p>Produktinformation<br \/>\nDie isolierte Jacke ist aus Leder gefertigt. Eine leichte Isolationsschicht. Details: Stehkragen, Rei\u00dfverschluss, zwei Taschen an den Seiten.<br \/>\nPflege:  <\/p>\n<ul>\n<li>Maschinenw\u00e4sche bei bis zu 40\u00baC\/86\u00baF im Schonwaschgang<\/li>\n<li>B\u00fcgeleisen bis zu 110\u00baC\/230\u00baF<\/li>\n<li>Nicht bleichen<\/li>\n<li>Nicht chemisch reinigen<\/li>\n<\/ul>\n<p>Zusammensetzung:<\/p>\n<ul>\n<li>Beschichtung:<\/li>\n<li>Basis-Stoff:<\/li>\n<li>Innenfutter:<\/li>\n<\/ul>\n<ul>\n<li>100% Polyurethan<\/li>\n<li>100% Viskose<\/li>\n<li>100% Polyester<\/li>\n<\/ul>\n","protected":false},"excerpt":{"rendered":"<p>REF 0652\/168\/800<br \/>\nDas Model tr\u00e4gt Gr\u00f6\u00dfe: M | Gr\u00f6\u00dfe des Models: 174 cm \/ 5.71 ft<\/p>\n","protected":false},"featured_media":10761,"template":"","meta":[],"product_brand":[],"product_cat":[246],"product_tag":[247],"class_list":{"0":"post-14383","1":"product","2":"type-product","3":"status-publish","4":"has-post-thumbnail","6":"product_cat-manner-kollektion","7":"product_tag-polos-de","9":"first","10":"instock","11":"taxable","12":"shipping-taxable","13":"purchasable","14":"product-type-variable"},"_links":{"self":[{"href":"https:\/\/victrin.com\/de\/wp-json\/wp\/v2\/product\/14383","targetHints":{"allow":["GET"]}}],"collection":[{"href":"https:\/\/victrin.com\/de\/wp-json\/wp\/v2\/product"}],"about":[{"href":"https:\/\/victrin.com\/de\/wp-json\/wp\/v2\/types\/product"}],"version-history":[{"count":0,"href":"https:\/\/victrin.com\/de\/wp-json\/wp\/v2\/product\/14383\/revisions"}],"wp:featuredmedia":[{"embeddable":true,"href":"https:\/\/victrin.com\/de\/wp-json\/wp\/v2\/media\/10761"}],"wp:attachment":[{"href":"https:\/\/victrin.com\/de\/wp-json\/wp\/v2\/media?parent=14383"}],"wp:term":[{"taxonomy":"product_brand","embeddable":true,"href":"https:\/\/victrin.com\/de\/wp-json\/wp\/v2\/product_brand?post=14383"},{"taxonomy":"product_cat","embeddable":true,"href":"https:\/\/victrin.com\/de\/wp-json\/wp\/v2\/product_cat?post=14383"},{"taxonomy":"product_tag","embeddable":true,"href":"https:\/\/victrin.com\/de\/wp-json\/wp\/v2\/product_tag?post=14383"}],"curies":[{"name":"wp","href":"https:\/\/api.w.org\/{rel}","templated":true}]}}