{"id":14112,"date":"2020-08-04T08:21:37","date_gmt":"2020-08-04T06:21:37","guid":{"rendered":"https:\/\/victrin.com\/liste-de-souhaits\/"},"modified":"2025-07-06T17:08:37","modified_gmt":"2025-07-06T15:08:37","slug":"liste-de-souhaits","status":"publish","type":"page","link":"https:\/\/victrin.com\/fr\/liste-de-souhaits\/","title":{"rendered":"Liste de souhaits"},"content":{"rendered":"\t\t<div data-elementor-type=\"wp-page\" data-elementor-id=\"14112\" class=\"elementor elementor-14112 elementor-951\" data-elementor-post-type=\"page\">\n\t\t\t\t<div class=\"elementor-element elementor-element-9cf02f2 e-flex e-con-boxed e-con e-parent\" data-id=\"9cf02f2\" data-element_type=\"container\" data-e-type=\"container\">\n\t\t\t\t\t<div class=\"e-con-inner\">\n\t\t<div class=\"elementor-element elementor-element-f4adeaf e-con-full e-flex e-con e-child\" data-id=\"f4adeaf\" data-element_type=\"container\" data-e-type=\"container\">\n\t\t\t\t<div class=\"elementor-element elementor-element-a4ccc19 elementor-widget elementor-widget-heading\" data-id=\"a4ccc19\" data-element_type=\"widget\" data-e-type=\"widget\" data-widget_type=\"heading.default\">\n\t\t\t\t<div class=\"elementor-widget-container\">\n\t\t\t\t\t<h1 class=\"elementor-heading-title elementor-size-default\">Ma liste de souhaits<\/h1>\t\t\t\t<\/div>\n\t\t\t\t<\/div>\n\t\t\t\t<div class=\"elementor-element elementor-element-8933ebb elementor-widget-mobile__width-initial elementor-widget elementor-widget-jet-wishlist\" data-id=\"8933ebb\" data-element_type=\"widget\" data-e-type=\"widget\" data-widget_type=\"jet-wishlist.default\">\n\t\t\t\t<div class=\"elementor-widget-container\">\n\t\t\t\t\t<div class=\"jet-cw jet-wishlist\">\t\t\t<div class=\"jet-wishlist__content woocommerce jet-wishlist-products--preset-1\" data-widget-type=\"jet-wishlist\" data-widget-id=\"8933ebb\">\n\t\t\t\t<h5 class=\"jet-wishlist-empty\">Aucun produit n&#039;a \u00e9t\u00e9 ajout\u00e9 \u00e0 la liste de souhaits.<\/h5>\n\t\t\t<\/div>\n\t\t\t<\/div>\t\t\t\t<\/div>\n\t\t\t\t<\/div>\n\t\t\t\t<\/div>\n\t\t\t\t\t<\/div>\n\t\t\t\t<\/div>\n\t\t\t\t<\/div>\n\t\t","protected":false},"excerpt":{"rendered":"<p>Ma liste de souhaits Aucun produit n&#039;a \u00e9t\u00e9 ajout\u00e9 \u00e0 la liste de souhaits.<\/p>\n","protected":false},"author":1,"featured_media":0,"parent":0,"menu_order":0,"comment_status":"closed","ping_status":"closed","template":"elementor_header_footer","meta":{"footnotes":""},"class_list":["post-14112","page","type-page","status-publish","hentry"],"_links":{"self":[{"href":"https:\/\/victrin.com\/fr\/wp-json\/wp\/v2\/pages\/14112","targetHints":{"allow":["GET"]}}],"collection":[{"href":"https:\/\/victrin.com\/fr\/wp-json\/wp\/v2\/pages"}],"about":[{"href":"https:\/\/victrin.com\/fr\/wp-json\/wp\/v2\/types\/page"}],"author":[{"embeddable":true,"href":"https:\/\/victrin.com\/fr\/wp-json\/wp\/v2\/users\/1"}],"replies":[{"embeddable":true,"href":"https:\/\/victrin.com\/fr\/wp-json\/wp\/v2\/comments?post=14112"}],"version-history":[{"count":1,"href":"https:\/\/victrin.com\/fr\/wp-json\/wp\/v2\/pages\/14112\/revisions"}],"predecessor-version":[{"id":14114,"href":"https:\/\/victrin.com\/fr\/wp-json\/wp\/v2\/pages\/14112\/revisions\/14114"}],"wp:attachment":[{"href":"https:\/\/victrin.com\/fr\/wp-json\/wp\/v2\/media?parent=14112"}],"curies":[{"name":"wp","href":"https:\/\/api.w.org\/{rel}","templated":true}]}}