{"id":14316,"date":"2025-03-01T19:56:44","date_gmt":"2025-03-01T18:56:44","guid":{"rendered":"https:\/\/victrin.com\/faq\/"},"modified":"2025-07-06T17:12:51","modified_gmt":"2025-07-06T15:12:51","slug":"faq","status":"publish","type":"page","link":"https:\/\/victrin.com\/fr\/faq\/","title":{"rendered":"FAQ"},"content":{"rendered":"\t\t<div data-elementor-type=\"wp-page\" data-elementor-id=\"14316\" class=\"elementor elementor-14316 elementor-11934\" data-elementor-post-type=\"page\">\n\t\t\t\t<div class=\"elementor-element elementor-element-c50d0ef e-flex e-con-boxed e-con e-parent\" data-id=\"c50d0ef\" data-element_type=\"container\" data-e-type=\"container\" data-settings=\"{&quot;background_background&quot;:&quot;classic&quot;}\">\n\t\t\t\t\t<div class=\"e-con-inner\">\n\t\t<div class=\"elementor-element elementor-element-2df5f8d e-con-full e-flex e-con e-child\" data-id=\"2df5f8d\" data-element_type=\"container\" data-e-type=\"container\">\n\t\t\t\t<div class=\"elementor-element elementor-element-0eaed3c elementor-widget elementor-widget-heading\" data-id=\"0eaed3c\" data-element_type=\"widget\" data-e-type=\"widget\" data-widget_type=\"heading.default\">\n\t\t\t\t<div class=\"elementor-widget-container\">\n\t\t\t\t\t<h2 class=\"elementor-heading-title elementor-size-default\">Questions fr\u00e9quemment pos\u00e9es<\/h2>\t\t\t\t<\/div>\n\t\t\t\t<\/div>\n\t\t\t\t<div class=\"elementor-element elementor-element-463d68c elementor-widget elementor-widget-heading\" data-id=\"463d68c\" data-element_type=\"widget\" data-e-type=\"widget\" data-widget_type=\"heading.default\">\n\t\t\t\t<div class=\"elementor-widget-container\">\n\t\t\t\t\t<h4 class=\"elementor-heading-title elementor-size-default\">R\u00e9ponses \u00e0 vos questions les plus fr\u00e9quentes sur les achats chez Victrin\n\n\n\n\n\n\n<\/h4>\t\t\t\t<\/div>\n\t\t\t\t<\/div>\n\t\t\t\t<\/div>\n\t\t\t\t<div class=\"elementor-element elementor-element-5cb5662 elementor-widget__width-initial elementor-widget-mobile__width-inherit elementor-widget elementor-widget-jet-accordion\" data-id=\"5cb5662\" data-element_type=\"widget\" data-e-type=\"widget\" data-widget_type=\"jet-accordion.default\">\n\t\t\t\t<div class=\"elementor-widget-container\">\n\t\t\t\t\t\t\t<div class=\"jet-accordion\" data-settings=\"{&quot;collapsible&quot;:true,&quot;ajaxTemplate&quot;:false,&quot;switchScrolling&quot;:false,&quot;switchScrollingOffset&quot;:0,&quot;switchScrollingDelay&quot;:500}\">\n\t\t\t<div class=\"jet-accordion__inner\">\n\t\t\t\t<div class=\" jet-accordion__item jet-toggle jet-toggle-move-up-effect \">\n\t\t\t\t\t\t\t<div id=\"jet-toggle-control-9721\" class=\"jet-toggle__control elementor-menu-anchor\" data-toggle=\"1\" role=\"button\" tabindex=\"0\" aria-controls=\"jet-toggle-content-9721\" aria-expanded=\"false\" data-template-id=\"false\">\n\t\t\t\t\t\t\t\t<div class=\"jet-toggle__label-icon jet-toggle-icon-position-right\"><span class=\"jet-toggle__icon icon-normal jet-tabs-icon\"><svg xmlns=\"http:\/\/www.w3.org\/2000\/svg\" id=\"Layer_2\" height=\"512\" viewBox=\"0 0 32 32\" width=\"512\" data-name=\"Layer 2\"><path d=\"m30.35 8.65a.48.48 0 0 0 -.7 0l-13.65 13.64-13.65-13.64a.49.49 0 0 0 -.7.7l14 14a.48.48 0 0 0 .7 0l14-14a.48.48 0 0 0 0-.7z\"><\/path><\/svg><\/span><span class=\"jet-toggle__icon icon-active jet-tabs-icon\"><svg xmlns=\"http:\/\/www.w3.org\/2000\/svg\" id=\"Layer_1\" height=\"512\" viewBox=\"0 0 512 512\" width=\"512\"><path d=\"m469.3 374.3c-3 0-6-1.1-8.2-3.4l-205.1-205.1-205.1 205.1c-4.6 4.6-11.9 4.6-16.5 0s-4.6-11.9 0-16.5l213.3-213.3c4.6-4.6 11.9-4.6 16.5 0l213.3 213.3c4.6 4.6 4.6 11.9 0 16.5-2.2 2.3-5.2 3.4-8.2 3.4z\"><\/path><\/svg><\/span><\/div><div class=\"jet-toggle__label-text\">Quels sont les types de produits propos\u00e9s par Victrin ?<\/div>\t\t\t\t\t\t\t<\/div>\n\t\t\t\t\t\t\t<div id=\"jet-toggle-content-9721\" class=\"jet-toggle__content\" data-toggle=\"1\" role=\"region\" data-template-id=\"false\">\n\t\t\t\t\t\t\t\t<div class=\"jet-toggle__content-inner\"><p>Victrin se sp\u00e9cialise dans la mode pour hommes et femmes, y compris les robes \u00e9l\u00e9gantes, les v\u00eatements \u00e0 la mode et les accessoires tels que les sacs \u00e0 main, les bijoux et les chaussures. Notre collection est soigneusement con\u00e7ue pour allier les tendances modernes \u00e0 l&rsquo;\u00e9l\u00e9gance intemporelle. <\/p>\n<\/div>\n\t\t\t\t\t\t\t<\/div>\n\t\t\t\t\t\t<\/div><div class=\" jet-accordion__item jet-toggle jet-toggle-move-up-effect \">\n\t\t\t\t\t\t\t<div id=\"jet-toggle-control-9722\" class=\"jet-toggle__control elementor-menu-anchor\" data-toggle=\"2\" role=\"button\" tabindex=\"0\" aria-controls=\"jet-toggle-content-9722\" aria-expanded=\"false\" data-template-id=\"false\">\n\t\t\t\t\t\t\t\t<div class=\"jet-toggle__label-icon jet-toggle-icon-position-right\"><span class=\"jet-toggle__icon icon-normal jet-tabs-icon\"><svg xmlns=\"http:\/\/www.w3.org\/2000\/svg\" id=\"Layer_2\" height=\"512\" viewBox=\"0 0 32 32\" width=\"512\" data-name=\"Layer 2\"><path d=\"m30.35 8.65a.48.48 0 0 0 -.7 0l-13.65 13.64-13.65-13.64a.49.49 0 0 0 -.7.7l14 14a.48.48 0 0 0 .7 0l14-14a.48.48 0 0 0 0-.7z\"><\/path><\/svg><\/span><span class=\"jet-toggle__icon icon-active jet-tabs-icon\"><svg xmlns=\"http:\/\/www.w3.org\/2000\/svg\" id=\"Layer_1\" height=\"512\" viewBox=\"0 0 512 512\" width=\"512\"><path d=\"m469.3 374.3c-3 0-6-1.1-8.2-3.4l-205.1-205.1-205.1 205.1c-4.6 4.6-11.9 4.6-16.5 0s-4.6-11.9 0-16.5l213.3-213.3c4.6-4.6 11.9-4.6 16.5 0l213.3 213.3c4.6 4.6 4.6 11.9 0 16.5-2.2 2.3-5.2 3.4-8.2 3.4z\"><\/path><\/svg><\/span><\/div><div class=\"jet-toggle__label-text\">Comment puis-je passer une commande de Victrin ?<\/div>\t\t\t\t\t\t\t<\/div>\n\t\t\t\t\t\t\t<div id=\"jet-toggle-content-9722\" class=\"jet-toggle__content\" data-toggle=\"2\" role=\"region\" data-template-id=\"false\">\n\t\t\t\t\t\t\t\t<div class=\"jet-toggle__content-inner\"><p>Passer une commande est tr\u00e8s simple ! Parcourez notre collection, s\u00e9lectionnez les articles souhait\u00e9s, ajoutez-les \u00e0 votre panier et passez \u00e0 la caisse. Suivez les instructions de paiement et, une fois la commande termin\u00e9e, vous recevrez un courriel de confirmation contenant les d\u00e9tails de votre commande.  <\/p>\n<\/div>\n\t\t\t\t\t\t\t<\/div>\n\t\t\t\t\t\t<\/div><div class=\" jet-accordion__item jet-toggle jet-toggle-move-up-effect \">\n\t\t\t\t\t\t\t<div id=\"jet-toggle-control-9723\" class=\"jet-toggle__control elementor-menu-anchor\" data-toggle=\"3\" role=\"button\" tabindex=\"0\" aria-controls=\"jet-toggle-content-9723\" aria-expanded=\"false\" data-template-id=\"false\">\n\t\t\t\t\t\t\t\t<div class=\"jet-toggle__label-icon jet-toggle-icon-position-right\"><span class=\"jet-toggle__icon icon-normal jet-tabs-icon\"><svg xmlns=\"http:\/\/www.w3.org\/2000\/svg\" id=\"Layer_2\" height=\"512\" viewBox=\"0 0 32 32\" width=\"512\" data-name=\"Layer 2\"><path d=\"m30.35 8.65a.48.48 0 0 0 -.7 0l-13.65 13.64-13.65-13.64a.49.49 0 0 0 -.7.7l14 14a.48.48 0 0 0 .7 0l14-14a.48.48 0 0 0 0-.7z\"><\/path><\/svg><\/span><span class=\"jet-toggle__icon icon-active jet-tabs-icon\"><svg xmlns=\"http:\/\/www.w3.org\/2000\/svg\" id=\"Layer_1\" height=\"512\" viewBox=\"0 0 512 512\" width=\"512\"><path d=\"m469.3 374.3c-3 0-6-1.1-8.2-3.4l-205.1-205.1-205.1 205.1c-4.6 4.6-11.9 4.6-16.5 0s-4.6-11.9 0-16.5l213.3-213.3c4.6-4.6 11.9-4.6 16.5 0l213.3 213.3c4.6 4.6 4.6 11.9 0 16.5-2.2 2.3-5.2 3.4-8.2 3.4z\"><\/path><\/svg><\/span><\/div><div class=\"jet-toggle__label-text\">Quels sont les modes de paiement accept\u00e9s par Victrin ?<\/div>\t\t\t\t\t\t\t<\/div>\n\t\t\t\t\t\t\t<div id=\"jet-toggle-content-9723\" class=\"jet-toggle__content\" data-toggle=\"3\" role=\"region\" data-template-id=\"false\">\n\t\t\t\t\t\t\t\t<div class=\"jet-toggle__content-inner\"><p>Nous acceptons une vari\u00e9t\u00e9 de m\u00e9thodes de paiement, y compris les cartes de cr\u00e9dit\/d\u00e9bit, PayPal, et d&rsquo;autres options de paiement en ligne s\u00e9curis\u00e9es. Toutes les transactions sont crypt\u00e9es afin de garantir une exp\u00e9rience d&rsquo;achat s\u00fbre et fluide. <\/p>\n<\/div>\n\t\t\t\t\t\t\t<\/div>\n\t\t\t\t\t\t<\/div><div class=\" jet-accordion__item jet-toggle jet-toggle-move-up-effect \">\n\t\t\t\t\t\t\t<div id=\"jet-toggle-control-9724\" class=\"jet-toggle__control elementor-menu-anchor\" data-toggle=\"4\" role=\"button\" tabindex=\"0\" aria-controls=\"jet-toggle-content-9724\" aria-expanded=\"false\" data-template-id=\"false\">\n\t\t\t\t\t\t\t\t<div class=\"jet-toggle__label-icon jet-toggle-icon-position-right\"><span class=\"jet-toggle__icon icon-normal jet-tabs-icon\"><svg xmlns=\"http:\/\/www.w3.org\/2000\/svg\" id=\"Layer_2\" height=\"512\" viewBox=\"0 0 32 32\" width=\"512\" data-name=\"Layer 2\"><path d=\"m30.35 8.65a.48.48 0 0 0 -.7 0l-13.65 13.64-13.65-13.64a.49.49 0 0 0 -.7.7l14 14a.48.48 0 0 0 .7 0l14-14a.48.48 0 0 0 0-.7z\"><\/path><\/svg><\/span><span class=\"jet-toggle__icon icon-active jet-tabs-icon\"><svg xmlns=\"http:\/\/www.w3.org\/2000\/svg\" id=\"Layer_1\" height=\"512\" viewBox=\"0 0 512 512\" width=\"512\"><path d=\"m469.3 374.3c-3 0-6-1.1-8.2-3.4l-205.1-205.1-205.1 205.1c-4.6 4.6-11.9 4.6-16.5 0s-4.6-11.9 0-16.5l213.3-213.3c4.6-4.6 11.9-4.6 16.5 0l213.3 213.3c4.6 4.6 4.6 11.9 0 16.5-2.2 2.3-5.2 3.4-8.2 3.4z\"><\/path><\/svg><\/span><\/div><div class=\"jet-toggle__label-text\">Combien de temps dure l'exp\u00e9dition ?<\/div>\t\t\t\t\t\t\t<\/div>\n\t\t\t\t\t\t\t<div id=\"jet-toggle-content-9724\" class=\"jet-toggle__content\" data-toggle=\"4\" role=\"region\" data-template-id=\"false\">\n\t\t\t\t\t\t\t\t<div class=\"jet-toggle__content-inner\"><p>Les d\u00e9lais d&rsquo;exp\u00e9dition varient en fonction du lieu et du mode de livraison choisi. Le d\u00e9lai de livraison standard est g\u00e9n\u00e9ralement de 5 \u00e0 7 jours ouvrables, tandis que le d\u00e9lai de livraison express est de 2 \u00e0 4 jours ouvrables. Les d\u00e9tails de suivi sont fournis une fois que votre commande est exp\u00e9di\u00e9e.  <\/p>\n<\/div>\n\t\t\t\t\t\t\t<\/div>\n\t\t\t\t\t\t<\/div><div class=\" jet-accordion__item jet-toggle jet-toggle-move-up-effect \">\n\t\t\t\t\t\t\t<div id=\"jet-toggle-control-9725\" class=\"jet-toggle__control elementor-menu-anchor\" data-toggle=\"5\" role=\"button\" tabindex=\"0\" aria-controls=\"jet-toggle-content-9725\" aria-expanded=\"false\" data-template-id=\"false\">\n\t\t\t\t\t\t\t\t<div class=\"jet-toggle__label-icon jet-toggle-icon-position-right\"><span class=\"jet-toggle__icon icon-normal jet-tabs-icon\"><svg xmlns=\"http:\/\/www.w3.org\/2000\/svg\" id=\"Layer_2\" height=\"512\" viewBox=\"0 0 32 32\" width=\"512\" data-name=\"Layer 2\"><path d=\"m30.35 8.65a.48.48 0 0 0 -.7 0l-13.65 13.64-13.65-13.64a.49.49 0 0 0 -.7.7l14 14a.48.48 0 0 0 .7 0l14-14a.48.48 0 0 0 0-.7z\"><\/path><\/svg><\/span><span class=\"jet-toggle__icon icon-active jet-tabs-icon\"><svg xmlns=\"http:\/\/www.w3.org\/2000\/svg\" id=\"Layer_1\" height=\"512\" viewBox=\"0 0 512 512\" width=\"512\"><path d=\"m469.3 374.3c-3 0-6-1.1-8.2-3.4l-205.1-205.1-205.1 205.1c-4.6 4.6-11.9 4.6-16.5 0s-4.6-11.9 0-16.5l213.3-213.3c4.6-4.6 11.9-4.6 16.5 0l213.3 213.3c4.6 4.6 4.6 11.9 0 16.5-2.2 2.3-5.2 3.4-8.2 3.4z\"><\/path><\/svg><\/span><\/div><div class=\"jet-toggle__label-text\">  Puis-je retourner ou \u00e9changer un article ?<\/div>\t\t\t\t\t\t\t<\/div>\n\t\t\t\t\t\t\t<div id=\"jet-toggle-content-9725\" class=\"jet-toggle__content\" data-toggle=\"5\" role=\"region\" data-template-id=\"false\">\n\t\t\t\t\t\t\t\t<div class=\"jet-toggle__content-inner\"><p>Oui ! Victrin offre une politique de retour et d&rsquo;\u00e9change sans probl\u00e8me. Si vous n&rsquo;\u00eates pas satisfait de votre achat, vous pouvez le retourner ou l&rsquo;\u00e9changer dans un d\u00e9lai de 14 jours, \u00e0 condition que l&rsquo;article ne soit pas port\u00e9, qu&rsquo;il ne soit pas endommag\u00e9 et qu&rsquo;il soit dans son emballage d&rsquo;origine.  <\/p>\n<\/div>\n\t\t\t\t\t\t\t<\/div>\n\t\t\t\t\t\t<\/div><div class=\" jet-accordion__item jet-toggle jet-toggle-move-up-effect \">\n\t\t\t\t\t\t\t<div id=\"jet-toggle-control-9726\" class=\"jet-toggle__control elementor-menu-anchor\" data-toggle=\"6\" role=\"button\" tabindex=\"0\" aria-controls=\"jet-toggle-content-9726\" aria-expanded=\"false\" data-template-id=\"false\">\n\t\t\t\t\t\t\t\t<div class=\"jet-toggle__label-icon jet-toggle-icon-position-right\"><span class=\"jet-toggle__icon icon-normal jet-tabs-icon\"><svg xmlns=\"http:\/\/www.w3.org\/2000\/svg\" id=\"Layer_2\" height=\"512\" viewBox=\"0 0 32 32\" width=\"512\" data-name=\"Layer 2\"><path d=\"m30.35 8.65a.48.48 0 0 0 -.7 0l-13.65 13.64-13.65-13.64a.49.49 0 0 0 -.7.7l14 14a.48.48 0 0 0 .7 0l14-14a.48.48 0 0 0 0-.7z\"><\/path><\/svg><\/span><span class=\"jet-toggle__icon icon-active jet-tabs-icon\"><svg xmlns=\"http:\/\/www.w3.org\/2000\/svg\" id=\"Layer_1\" height=\"512\" viewBox=\"0 0 512 512\" width=\"512\"><path d=\"m469.3 374.3c-3 0-6-1.1-8.2-3.4l-205.1-205.1-205.1 205.1c-4.6 4.6-11.9 4.6-16.5 0s-4.6-11.9 0-16.5l213.3-213.3c4.6-4.6 11.9-4.6 16.5 0l213.3 213.3c4.6 4.6 4.6 11.9 0 16.5-2.2 2.3-5.2 3.4-8.2 3.4z\"><\/path><\/svg><\/span><\/div><div class=\"jet-toggle__label-text\">Comment puis-je contacter Victrin pour obtenir de l'aide ?<\/div>\t\t\t\t\t\t\t<\/div>\n\t\t\t\t\t\t\t<div id=\"jet-toggle-content-9726\" class=\"jet-toggle__content\" data-toggle=\"6\" role=\"region\" data-template-id=\"false\">\n\t\t\t\t\t\t\t\t<div class=\"jet-toggle__content-inner\"><p>Notre \u00e9quipe d&rsquo;assistance \u00e0 la client\u00e8le est toujours pr\u00eate \u00e0 vous aider. Vous pouvez nous contacter par courrier \u00e9lectronique, par chat en direct ou en remplissant le formulaire de contact sur le site web. Nous nous effor\u00e7ons de r\u00e9pondre \u00e0 toutes les demandes dans les 24 heures afin de vous garantir une exp\u00e9rience d&rsquo;achat agr\u00e9able.  <\/p>\n<\/div>\n\t\t\t\t\t\t\t<\/div>\n\t\t\t\t\t\t<\/div>\t\t\t<\/div>\n\t\t<\/div>\n\t\t\t\t\t\t<\/div>\n\t\t\t\t<\/div>\n\t\t\t\t\t<\/div>\n\t\t\t\t<\/div>\n\t\t\t\t<\/div>\n\t\t","protected":false},"excerpt":{"rendered":"<p>Questions fr\u00e9quemment pos\u00e9es R\u00e9ponses \u00e0 vos questions les plus fr\u00e9quentes sur les achats chez Victrin Quels sont les types de produits propos\u00e9s par Victrin ? Victrin se sp\u00e9cialise dans la mode pour hommes et femmes, y compris les robes \u00e9l\u00e9gantes, les v\u00eatements \u00e0 la mode et les accessoires tels que les sacs \u00e0 main, les [&hellip;]<\/p>\n","protected":false},"author":39,"featured_media":0,"parent":0,"menu_order":0,"comment_status":"closed","ping_status":"closed","template":"elementor_header_footer","meta":{"footnotes":""},"class_list":["post-14316","page","type-page","status-publish","hentry"],"_links":{"self":[{"href":"https:\/\/victrin.com\/fr\/wp-json\/wp\/v2\/pages\/14316","targetHints":{"allow":["GET"]}}],"collection":[{"href":"https:\/\/victrin.com\/fr\/wp-json\/wp\/v2\/pages"}],"about":[{"href":"https:\/\/victrin.com\/fr\/wp-json\/wp\/v2\/types\/page"}],"author":[{"embeddable":true,"href":"https:\/\/victrin.com\/fr\/wp-json\/wp\/v2\/users\/39"}],"replies":[{"embeddable":true,"href":"https:\/\/victrin.com\/fr\/wp-json\/wp\/v2\/comments?post=14316"}],"version-history":[{"count":1,"href":"https:\/\/victrin.com\/fr\/wp-json\/wp\/v2\/pages\/14316\/revisions"}],"predecessor-version":[{"id":14318,"href":"https:\/\/victrin.com\/fr\/wp-json\/wp\/v2\/pages\/14316\/revisions\/14318"}],"wp:attachment":[{"href":"https:\/\/victrin.com\/fr\/wp-json\/wp\/v2\/media?parent=14316"}],"curies":[{"name":"wp","href":"https:\/\/api.w.org\/{rel}","templated":true}]}}