{"id":14431,"date":"2020-08-21T16:01:28","date_gmt":"2020-08-21T16:01:28","guid":{"rendered":"https:\/\/victrin.com\/product\/vorst\/"},"modified":"2020-08-21T16:01:28","modified_gmt":"2020-08-21T14:01:28","slug":"vorst","status":"publish","type":"product","link":"https:\/\/victrin.com\/fr\/produit\/vorst\/","title":{"rendered":"Vorst"},"content":{"rendered":"<style>\/*! elementor - v3.18.0 - 08-12-2023 *\/<br \/>.elementor-heading-title{padding:0;margin:0;line-height:1}.elementor-widget-heading .elementor-heading-title[class*=elementor-size-]&gt;a{color:inherit;font-size:inherit;line-height:inherit}.elementor-widget-heading .elementor-heading-title.elementor-size-small{font-size:15px}.elementor-widget-heading .elementor-heading-title.elementor-size-medium{font-size:19px}.elementor-widget-heading .elementor-heading-title.elementor-size-large{font-size:29px}.elementor-widget-heading .elementor-heading-title.elementor-size-xl{font-size:39px}.elementor-widget-heading .elementor-heading-title.elementor-size-xxl{font-size:59px}<\/style>\n<p>Information produit<br \/>\nD\u00e9couvrez notre chemise VICTRIN &lsquo;Vorst&rsquo;. Rehaussez votre garde-robe avec la collection de chemises VICTRIN, o\u00f9 le confort rencontre la sophistication dans chaque point, pr\u00e9sentant des styles intemporels pour chaque occasion.<br \/>\nEntretien : <\/p>\n<ul>\n<li>Lavage en machine jusqu&rsquo;\u00e0 30\u00baC Lavez les couleurs similaires ensemble, pas de lavage \u00e0 l&rsquo;envers.<\/li>\n<li>Ne pas repasser sur l&rsquo;imprim\u00e9, repasser \u00e0 l&rsquo;envers.<\/li>\n<li>Ne pas blanchir<\/li>\n<li>Ne pas nettoyer \u00e0 sec<\/li>\n<\/ul>\n<p>Composition :<\/p>\n<ul>\n<li>Mat\u00e9riau :<\/li>\n<li>Lav\u00e9<\/li>\n<li>Poids :<\/li>\n<\/ul>\n<ul>\n<li>100% coton &#8211; card\u00e9 biologique<\/li>\n<li>Panneau lav\u00e9<\/li>\n<li>215 GSM<\/li>\n<\/ul>\n","protected":false},"excerpt":{"rendered":"<p>ART NR VSerie-1<br \/>\nLe mod\u00e8le porte le mod\u00e8le noir | Taille : petite<\/p>\n","protected":false},"featured_media":10757,"template":"","meta":[],"product_brand":[],"product_cat":[231,248],"product_tag":[249,252,251,250],"class_list":{"0":"post-14431","1":"product","2":"type-product","3":"status-publish","4":"has-post-thumbnail","6":"product_cat-collection-pour-hommes","7":"product_cat-collections-pour-femmes","8":"product_tag-meilleures-ventes","9":"product_tag-meilleures-ventes-pour-les-femmes","10":"product_tag-t-shirt-fr","11":"product_tag-t-shirt-homme","13":"first","14":"instock","15":"featured","16":"taxable","17":"shipping-taxable","18":"purchasable","19":"product-type-variable"},"_links":{"self":[{"href":"https:\/\/victrin.com\/fr\/wp-json\/wp\/v2\/product\/14431","targetHints":{"allow":["GET"]}}],"collection":[{"href":"https:\/\/victrin.com\/fr\/wp-json\/wp\/v2\/product"}],"about":[{"href":"https:\/\/victrin.com\/fr\/wp-json\/wp\/v2\/types\/product"}],"version-history":[{"count":0,"href":"https:\/\/victrin.com\/fr\/wp-json\/wp\/v2\/product\/14431\/revisions"}],"wp:featuredmedia":[{"embeddable":true,"href":"https:\/\/victrin.com\/fr\/wp-json\/wp\/v2\/media\/10757"}],"wp:attachment":[{"href":"https:\/\/victrin.com\/fr\/wp-json\/wp\/v2\/media?parent=14431"}],"wp:term":[{"taxonomy":"product_brand","embeddable":true,"href":"https:\/\/victrin.com\/fr\/wp-json\/wp\/v2\/product_brand?post=14431"},{"taxonomy":"product_cat","embeddable":true,"href":"https:\/\/victrin.com\/fr\/wp-json\/wp\/v2\/product_cat?post=14431"},{"taxonomy":"product_tag","embeddable":true,"href":"https:\/\/victrin.com\/fr\/wp-json\/wp\/v2\/product_tag?post=14431"}],"curies":[{"name":"wp","href":"https:\/\/api.w.org\/{rel}","templated":true}]}}