{"id":14432,"date":"2023-11-11T19:58:19","date_gmt":"2023-11-11T18:58:19","guid":{"rendered":"https:\/\/victrin.com\/product\/verboekt-en-anglais\/"},"modified":"2023-11-11T19:58:19","modified_gmt":"2023-11-11T18:58:19","slug":"verboekt-en-anglais","status":"publish","type":"product","link":"https:\/\/victrin.com\/fr\/produit\/verboekt-en-anglais\/","title":{"rendered":"Verboekt (en anglais)"},"content":{"rendered":"<p>Informations sur le produit<br \/>\nLa veste isol\u00e9e est en cuir. Une l\u00e9g\u00e8re couche d&rsquo;isolation. D\u00e9tails : col montant, fermeture \u00e0 glissi\u00e8re, deux poches sur les c\u00f4t\u00e9s.<br \/>\nEntretien :  <\/p>\n<ul>\n<li>Lavage en machine jusqu&rsquo;\u00e0 40\u00baC\/86\u00baF en cycle d\u00e9licat<\/li>\n<li>Repassage jusqu&rsquo;\u00e0 110\u00baC\/230\u00baF<\/li>\n<li>Ne pas blanchir<\/li>\n<li>Ne pas nettoyer \u00e0 sec<\/li>\n<\/ul>\n<p>Composition :<\/p>\n<ul>\n<li>Rev\u00eatement :<\/li>\n<li>Tissu de base :<\/li>\n<li>Doublure :<\/li>\n<\/ul>\n<ul>\n<li>100% polyur\u00e9thane<\/li>\n<li>100% viscose<\/li>\n<li>100% polyester<\/li>\n<\/ul>\n","protected":false},"excerpt":{"rendered":"<p>REF 0652\/168\/800<br \/>\nLe mod\u00e8le porte la taille : M | Taille du mod\u00e8le : 174 cm<\/p>\n","protected":false},"featured_media":10756,"template":"","meta":[],"product_brand":[],"product_cat":[231],"product_tag":[232],"class_list":{"0":"post-14432","1":"product","2":"type-product","3":"status-publish","4":"has-post-thumbnail","6":"product_cat-collection-pour-hommes","7":"product_tag-polos-fr","9":"first","10":"instock","11":"taxable","12":"shipping-taxable","13":"purchasable","14":"product-type-variable"},"_links":{"self":[{"href":"https:\/\/victrin.com\/fr\/wp-json\/wp\/v2\/product\/14432","targetHints":{"allow":["GET"]}}],"collection":[{"href":"https:\/\/victrin.com\/fr\/wp-json\/wp\/v2\/product"}],"about":[{"href":"https:\/\/victrin.com\/fr\/wp-json\/wp\/v2\/types\/product"}],"version-history":[{"count":0,"href":"https:\/\/victrin.com\/fr\/wp-json\/wp\/v2\/product\/14432\/revisions"}],"wp:featuredmedia":[{"embeddable":true,"href":"https:\/\/victrin.com\/fr\/wp-json\/wp\/v2\/media\/10756"}],"wp:attachment":[{"href":"https:\/\/victrin.com\/fr\/wp-json\/wp\/v2\/media?parent=14432"}],"wp:term":[{"taxonomy":"product_brand","embeddable":true,"href":"https:\/\/victrin.com\/fr\/wp-json\/wp\/v2\/product_brand?post=14432"},{"taxonomy":"product_cat","embeddable":true,"href":"https:\/\/victrin.com\/fr\/wp-json\/wp\/v2\/product_cat?post=14432"},{"taxonomy":"product_tag","embeddable":true,"href":"https:\/\/victrin.com\/fr\/wp-json\/wp\/v2\/product_tag?post=14432"}],"curies":[{"name":"wp","href":"https:\/\/api.w.org\/{rel}","templated":true}]}}